{"id":204,"date":"2022-01-04T12:54:36","date_gmt":"2022-01-04T11:54:36","guid":{"rendered":"http:\/\/davidferran.com\/?page_id=204"},"modified":"2026-03-10T11:58:41","modified_gmt":"2026-03-10T10:58:41","slug":"contact","status":"publish","type":"page","link":"https:\/\/davidferran.com\/?page_id=204","title":{"rendered":"\u00c0 propos"},"content":{"rendered":"\n<div class=\"wp-block-columns is-layout-flex wp-container-core-columns-is-layout-9d6595d7 wp-block-columns-is-layout-flex\">\n<div class=\"wp-block-column is-layout-flow wp-block-column-is-layout-flow\" style=\"flex-basis:33.33%\">\n<figure class=\"wp-block-image size-large\"><img loading=\"lazy\" decoding=\"async\" width=\"776\" height=\"1024\" src=\"https:\/\/davidferran.com\/wp-content\/uploads\/2026\/03\/IMG_1158-776x1024.jpg\" alt=\"\" class=\"wp-image-990\" srcset=\"https:\/\/davidferran.com\/wp-content\/uploads\/2026\/03\/IMG_1158-776x1024.jpg 776w, https:\/\/davidferran.com\/wp-content\/uploads\/2026\/03\/IMG_1158-227x300.jpg 227w, https:\/\/davidferran.com\/wp-content\/uploads\/2026\/03\/IMG_1158-768x1013.jpg 768w, https:\/\/davidferran.com\/wp-content\/uploads\/2026\/03\/IMG_1158-1164x1536.jpg 1164w, https:\/\/davidferran.com\/wp-content\/uploads\/2026\/03\/IMG_1158.jpg 1284w\" sizes=\"auto, (max-width: 776px) 100vw, 776px\" \/><\/figure>\n<\/div>\n\n\n\n<div class=\"wp-block-column is-layout-flow wp-block-column-is-layout-flow\" style=\"flex-basis:66.66%\">\n<p>Je suis&nbsp;David Ferran, photographe professionnel bas\u00e9 \u00e0 Paris. Originaire de Madrid et form\u00e9 en Suisse, mon parcours a d\u2019abord \u00e9t\u00e9 fa\u00e7onn\u00e9 par la sc\u00e8ne : danseur professionnel et mannequin, j\u2019y ai appris \u00e0 comprendre le mouvement, l\u2019attitude et la pr\u00e9sence. Des \u00e9l\u00e9ments que je transpose aujourd\u2019hui dans mon travail d\u2019image.<\/p>\n\n\n\n<p>En 2025, j\u2019ai fond\u00e9&nbsp;Ferran Productions, une structure d\u00e9di\u00e9e \u00e0 la&nbsp;photographie commerciale haut de gamme. Mon approche associe la technique, le sens artistique et la compr\u00e9hension des enjeux de marque.<br><br>Mon objectif : cr\u00e9er des visuels puissants et coh\u00e9rents, pens\u00e9s pour valoriser votre image, vos produits ou votre identit\u00e9.<\/p>\n\n\n\n<p>Chaque projet est con\u00e7u sur mesure, du brief \u00e0 la postproduction, afin d\u2019offrir un rendu professionnel et un accompagnement \u00e0 la hauteur des exigences du march\u00e9 actuel.<br><br>Contact :&nbsp;<a>Ferranoff@gmail.com<\/a><\/p>\n\n\n\n<p class=\"has-text-align-center\"><\/p>\n<\/div>\n<\/div>\n","protected":false},"excerpt":{"rendered":"<p>Je suis&nbsp;David Ferran, photographe professionnel bas\u00e9 \u00e0 Paris. Originaire de Madrid et form\u00e9 en Suisse, mon parcours a d\u2019abord \u00e9t\u00e9 fa\u00e7onn\u00e9 par la sc\u00e8ne : danseur professionnel et mannequin, j\u2019y ai appris \u00e0 comprendre le mouvement, l\u2019attitude et la pr\u00e9sence. Des \u00e9l\u00e9ments que je transpose aujourd\u2019hui dans mon travail d\u2019image. En 2025, j\u2019ai fond\u00e9&nbsp;Ferran Productions,&hellip;&nbsp;<a href=\"https:\/\/davidferran.com\/?page_id=204\" rel=\"bookmark\">Read More &raquo;<span class=\"screen-reader-text\">\u00c0 propos<\/span><\/a><\/p>\n","protected":false},"author":1,"featured_media":0,"parent":0,"menu_order":0,"comment_status":"closed","ping_status":"closed","template":"","meta":{"neve_meta_sidebar":"","neve_meta_container":"","neve_meta_enable_content_width":"","neve_meta_content_width":0,"neve_meta_title_alignment":"","neve_meta_author_avatar":"","neve_post_elements_order":"","neve_meta_disable_header":"","neve_meta_disable_footer":"","neve_meta_disable_title":"","ngg_post_thumbnail":0,"footnotes":""},"class_list":["post-204","page","type-page","status-publish","hentry"],"_links":{"self":[{"href":"https:\/\/davidferran.com\/index.php?rest_route=\/wp\/v2\/pages\/204","targetHints":{"allow":["GET"]}}],"collection":[{"href":"https:\/\/davidferran.com\/index.php?rest_route=\/wp\/v2\/pages"}],"about":[{"href":"https:\/\/davidferran.com\/index.php?rest_route=\/wp\/v2\/types\/page"}],"author":[{"embeddable":true,"href":"https:\/\/davidferran.com\/index.php?rest_route=\/wp\/v2\/users\/1"}],"replies":[{"embeddable":true,"href":"https:\/\/davidferran.com\/index.php?rest_route=%2Fwp%2Fv2%2Fcomments&post=204"}],"version-history":[{"count":65,"href":"https:\/\/davidferran.com\/index.php?rest_route=\/wp\/v2\/pages\/204\/revisions"}],"predecessor-version":[{"id":992,"href":"https:\/\/davidferran.com\/index.php?rest_route=\/wp\/v2\/pages\/204\/revisions\/992"}],"wp:attachment":[{"href":"https:\/\/davidferran.com\/index.php?rest_route=%2Fwp%2Fv2%2Fmedia&parent=204"}],"curies":[{"name":"wp","href":"https:\/\/api.w.org\/{rel}","templated":true}]}}